{"id":1608,"date":"2022-10-28T08:18:03","date_gmt":"2022-10-28T08:18:03","guid":{"rendered":"https:\/\/homepage.qodeup.com\/ordena-y-paga\/"},"modified":"2023-11-17T16:22:32","modified_gmt":"2023-11-17T16:22:32","slug":"ordena-y-paga","status":"publish","type":"page","link":"https:\/\/homepage.qodeup.com\/es\/ordena-y-paga\/","title":{"rendered":"Ordena y Paga"},"content":{"rendered":"\t\t<div data-elementor-type=\"wp-page\" data-elementor-id=\"1608\" class=\"elementor elementor-1608 elementor-41\" data-elementor-post-type=\"page\">\n\t\t\t\t\t\t<section class=\"elementor-section elementor-top-section elementor-element elementor-element-6226340 elementor-section-content-middle elementor-section-boxed elementor-section-height-default elementor-section-height-default\" data-id=\"6226340\" data-element_type=\"section\" data-e-type=\"section\" data-settings=\"{&quot;background_background&quot;:&quot;classic&quot;}\">\n\t\t\t\t\t\t<div class=\"elementor-container elementor-column-gap-default\">\n\t\t\t\t\t<div class=\"elementor-column elementor-col-50 elementor-top-column elementor-element elementor-element-624383c elementor-invisible\" data-id=\"624383c\" data-element_type=\"column\" data-e-type=\"column\" data-settings=\"{&quot;animation&quot;:&quot;slideInLeft&quot;}\">\n\t\t\t<div class=\"elementor-widget-wrap elementor-element-populated\">\n\t\t\t\t\t\t<div class=\"elementor-element elementor-element-f3d20fe elementor-widget elementor-widget-heading\" data-id=\"f3d20fe\" data-element_type=\"widget\" data-e-type=\"widget\" data-widget_type=\"heading.default\">\n\t\t\t\t<div class=\"elementor-widget-container\">\n\t\t\t\t\t<h1 class=\"elementor-heading-title elementor-size-default\">Ordena y paga<br>\ncon un clic<\/h1>\t\t\t\t<\/div>\n\t\t\t\t<\/div>\n\t\t\t\t<div class=\"elementor-element elementor-element-31efe94 elementor-widget elementor-widget-heading\" data-id=\"31efe94\" data-element_type=\"widget\" data-e-type=\"widget\" data-widget_type=\"heading.default\">\n\t\t\t\t<div class=\"elementor-widget-container\">\n\t\t\t\t\t<h2 class=\"elementor-heading-title elementor-size-medium\">Sin aplicaci\u00f3n: tus clientes ordenan en tu restaurante, desde casa o desde la oficina y pagan <b>desde el smartphone<\/b><\/h2>\t\t\t\t<\/div>\n\t\t\t\t<\/div>\n\t\t\t\t<div class=\"elementor-element elementor-element-8a42734 elementor-widget elementor-widget-button\" data-id=\"8a42734\" data-element_type=\"widget\" data-e-type=\"widget\" data-widget_type=\"button.default\">\n\t\t\t\t<div class=\"elementor-widget-container\">\n\t\t\t\t\t\t\t\t\t<div class=\"elementor-button-wrapper\">\n\t\t\t\t\t<a class=\"elementor-button elementor-button-link elementor-size-sm\" href=\"https:\/\/homepage.qodeup.com\/es\/solicita-informacion\/\">\n\t\t\t\t\t\t<span class=\"elementor-button-content-wrapper\">\n\t\t\t\t\t\t\t\t\t<span class=\"elementor-button-text\">Prueba Ordena y Paga<\/span>\n\t\t\t\t\t<\/span>\n\t\t\t\t\t<\/a>\n\t\t\t\t<\/div>\n\t\t\t\t\t\t\t\t<\/div>\n\t\t\t\t<\/div>\n\t\t\t\t\t<\/div>\n\t\t<\/div>\n\t\t\t\t<div class=\"elementor-column elementor-col-50 elementor-top-column elementor-element elementor-element-ac3f0cf elementor-invisible\" data-id=\"ac3f0cf\" data-element_type=\"column\" data-e-type=\"column\" data-settings=\"{&quot;animation&quot;:&quot;slideInRight&quot;}\">\n\t\t\t<div class=\"elementor-widget-wrap elementor-element-populated\">\n\t\t\t\t\t\t<div class=\"elementor-element elementor-element-f86b243 elementor-widget elementor-widget-image\" data-id=\"f86b243\" data-element_type=\"widget\" data-e-type=\"widget\" data-widget_type=\"image.default\">\n\t\t\t\t<div class=\"elementor-widget-container\">\n\t\t\t\t\t\t\t\t\t\t\t\t\t\t\t<img fetchpriority=\"high\" decoding=\"async\" width=\"800\" height=\"601\" src=\"https:\/\/homepage.qodeup.com\/wp-content\/uploads\/2023\/10\/oep-1024x769.png\" class=\"attachment-large size-large wp-image-6527\" alt=\"\" srcset=\"https:\/\/homepage.qodeup.com\/wp-content\/uploads\/2023\/10\/oep-1024x769.png 1024w, https:\/\/homepage.qodeup.com\/wp-content\/uploads\/2023\/10\/oep-300x225.png 300w, https:\/\/homepage.qodeup.com\/wp-content\/uploads\/2023\/10\/oep-768x576.png 768w, https:\/\/homepage.qodeup.com\/wp-content\/uploads\/2023\/10\/oep-1536x1153.png 1536w, https:\/\/homepage.qodeup.com\/wp-content\/uploads\/2023\/10\/oep.png 1920w\" sizes=\"(max-width: 800px) 100vw, 800px\" \/>\t\t\t\t\t\t\t\t\t\t\t\t\t\t\t<\/div>\n\t\t\t\t<\/div>\n\t\t\t\t\t<\/div>\n\t\t<\/div>\n\t\t\t\t\t<\/div>\n\t\t<\/section>\n\t\t\t\t<section class=\"elementor-section elementor-top-section elementor-element elementor-element-3185ce6 elementor-section-content-bottom elementor-reverse-tablet elementor-reverse-mobile elementor-section-boxed elementor-section-height-default elementor-section-height-default\" data-id=\"3185ce6\" data-element_type=\"section\" data-e-type=\"section\">\n\t\t\t\t\t\t<div class=\"elementor-container elementor-column-gap-default\">\n\t\t\t\t\t<div class=\"elementor-column elementor-col-33 elementor-top-column elementor-element elementor-element-7428584\" data-id=\"7428584\" data-element_type=\"column\" data-e-type=\"column\">\n\t\t\t<div class=\"elementor-widget-wrap elementor-element-populated\">\n\t\t\t\t\t\t<div class=\"elementor-element elementor-element-e5e60d3 elementor-widget elementor-widget-image\" data-id=\"e5e60d3\" data-element_type=\"widget\" data-e-type=\"widget\" data-widget_type=\"image.default\">\n\t\t\t\t<div class=\"elementor-widget-container\">\n\t\t\t\t\t\t\t\t\t\t\t\t\t\t\t<img decoding=\"async\" width=\"1272\" height=\"1558\" src=\"https:\/\/homepage.qodeup.com\/wp-content\/uploads\/2022\/12\/feature2_img2-e1669916462993.png\" class=\"attachment-full size-full wp-image-2199\" alt=\"\" \/>\t\t\t\t\t\t\t\t\t\t\t\t\t\t\t<\/div>\n\t\t\t\t<\/div>\n\t\t\t\t\t<\/div>\n\t\t<\/div>\n\t\t\t\t<div class=\"elementor-column elementor-col-66 elementor-top-column elementor-element elementor-element-5ef64ff\" data-id=\"5ef64ff\" data-element_type=\"column\" data-e-type=\"column\">\n\t\t\t<div class=\"elementor-widget-wrap elementor-element-populated\">\n\t\t\t\t\t\t<div class=\"elementor-element elementor-element-16a3eb3 elementor-widget elementor-widget-heading\" data-id=\"16a3eb3\" data-element_type=\"widget\" data-e-type=\"widget\" data-widget_type=\"heading.default\">\n\t\t\t\t<div class=\"elementor-widget-container\">\n\t\t\t\t\t<h3 class=\"elementor-heading-title elementor-size-default\">C\u00f3mo funciona para ti<\/h3>\t\t\t\t<\/div>\n\t\t\t\t<\/div>\n\t\t\t\t<div class=\"elementor-element elementor-element-f2f191c elementor-align-left elementor-widget__width-initial e-transform elementor-hidden-tablet elementor-hidden-mobile elementor-hidden-desktop elementor-widget elementor-widget-lottie\" data-id=\"f2f191c\" data-element_type=\"widget\" data-e-type=\"widget\" data-settings=\"{&quot;source_json&quot;:{&quot;url&quot;:&quot;https:\\\/\\\/homepage.qodeup.com\\\/wp-content\\\/uploads\\\/2022\\\/11\\\/FEAT2_anim3.json&quot;,&quot;id&quot;:1092,&quot;size&quot;:&quot;&quot;,&quot;alt&quot;:&quot;&quot;,&quot;source&quot;:&quot;library&quot;},&quot;_transform_translateX_effect&quot;:{&quot;unit&quot;:&quot;px&quot;,&quot;size&quot;:341,&quot;sizes&quot;:[]},&quot;source&quot;:&quot;media_file&quot;,&quot;caption_source&quot;:&quot;none&quot;,&quot;link_to&quot;:&quot;none&quot;,&quot;trigger&quot;:&quot;arriving_to_viewport&quot;,&quot;viewport&quot;:{&quot;unit&quot;:&quot;%&quot;,&quot;size&quot;:&quot;&quot;,&quot;sizes&quot;:{&quot;start&quot;:0,&quot;end&quot;:100}},&quot;play_speed&quot;:{&quot;unit&quot;:&quot;px&quot;,&quot;size&quot;:1,&quot;sizes&quot;:[]},&quot;start_point&quot;:{&quot;unit&quot;:&quot;%&quot;,&quot;size&quot;:0,&quot;sizes&quot;:[]},&quot;end_point&quot;:{&quot;unit&quot;:&quot;%&quot;,&quot;size&quot;:100,&quot;sizes&quot;:[]},&quot;renderer&quot;:&quot;svg&quot;,&quot;_transform_translateX_effect_tablet&quot;:{&quot;unit&quot;:&quot;px&quot;,&quot;size&quot;:&quot;&quot;,&quot;sizes&quot;:[]},&quot;_transform_translateX_effect_mobile&quot;:{&quot;unit&quot;:&quot;px&quot;,&quot;size&quot;:&quot;&quot;,&quot;sizes&quot;:[]},&quot;_transform_translateY_effect&quot;:{&quot;unit&quot;:&quot;px&quot;,&quot;size&quot;:&quot;&quot;,&quot;sizes&quot;:[]},&quot;_transform_translateY_effect_tablet&quot;:{&quot;unit&quot;:&quot;px&quot;,&quot;size&quot;:&quot;&quot;,&quot;sizes&quot;:[]},&quot;_transform_translateY_effect_mobile&quot;:{&quot;unit&quot;:&quot;px&quot;,&quot;size&quot;:&quot;&quot;,&quot;sizes&quot;:[]}}\" data-widget_type=\"lottie.default\">\n\t\t\t\t<div class=\"elementor-widget-container\">\n\t\t\t\t\t<div class=\"e-lottie__container\"><div class=\"e-lottie__animation\"><\/div><\/div>\t\t\t\t<\/div>\n\t\t\t\t<\/div>\n\t\t\t\t<div class=\"elementor-element elementor-element-b0135fc elementor-widget elementor-widget-text-editor\" data-id=\"b0135fc\" data-element_type=\"widget\" data-e-type=\"widget\" data-widget_type=\"text-editor.default\">\n\t\t\t\t<div class=\"elementor-widget-container\">\n\t\t\t\t\t\t\t\t\t<h5><strong>1. Recibes las credenciales de acceso a tu men\u00fa<\/strong><br \/>Despu\u00e9s de haber firmado el contrato, recibes las credenciales de acceso a tu men\u00fa digital<\/h5><p><strong>2. Visualizas tu men\u00fa<\/strong><br \/>Tu men\u00fa es agregado en Qodeup directamente por nosotros (luego podr\u00e1s modificarlo de manera aut\u00f3noma)<\/p><p><strong>3. Obtienes los c\u00f3digos QR<\/strong><br \/>Tus c\u00f3digos QR est\u00e1n listos y los recibes en la direcci\u00f3n que nos hayas indicado<\/p><p><strong>4. Formaci\u00f3n<\/strong><br \/>T\u00fa y tu personal recibir\u00e1n una sesi\u00f3n de formaci\u00f3n para poder aprovechar al m\u00e1ximo todas las funciones de Qodeup<\/p><p><b>5. Est\u00e1s a bordo en Qodeup<br \/><\/b> Recortas los tiempos de espera, maximizas los ingresos y ganas m\u00e1s clientes<\/p>\t\t\t\t\t\t\t\t<\/div>\n\t\t\t\t<\/div>\n\t\t\t\t\t<\/div>\n\t\t<\/div>\n\t\t\t\t\t<\/div>\n\t\t<\/section>\n\t\t\t\t<section class=\"elementor-section elementor-top-section elementor-element elementor-element-20cd8d0 elementor-section-content-middle elementor-section-boxed elementor-section-height-default elementor-section-height-default\" data-id=\"20cd8d0\" data-element_type=\"section\" data-e-type=\"section\">\n\t\t\t\t\t\t<div class=\"elementor-container elementor-column-gap-default\">\n\t\t\t\t\t<div class=\"elementor-column elementor-col-66 elementor-top-column elementor-element elementor-element-aefa5b0\" data-id=\"aefa5b0\" data-element_type=\"column\" data-e-type=\"column\">\n\t\t\t<div class=\"elementor-widget-wrap elementor-element-populated\">\n\t\t\t\t\t\t<div class=\"elementor-element elementor-element-098e689 elementor-widget elementor-widget-heading\" data-id=\"098e689\" data-element_type=\"widget\" data-e-type=\"widget\" data-widget_type=\"heading.default\">\n\t\t\t\t<div class=\"elementor-widget-container\">\n\t\t\t\t\t<h3 class=\"elementor-heading-title elementor-size-default\">C\u00f3mo funciona para tus clientes<\/h3>\t\t\t\t<\/div>\n\t\t\t\t<\/div>\n\t\t\t\t<div class=\"elementor-element elementor-element-56592bb elementor-align-left elementor-widget__width-initial elementor-hidden-tablet elementor-hidden-mobile elementor-hidden-desktop elementor-widget elementor-widget-lottie\" data-id=\"56592bb\" data-element_type=\"widget\" data-e-type=\"widget\" data-settings=\"{&quot;source_json&quot;:{&quot;url&quot;:&quot;https:\\\/\\\/homepage.qodeup.com\\\/wp-content\\\/uploads\\\/2022\\\/11\\\/FEAT2_anim4.json&quot;,&quot;id&quot;:1093,&quot;size&quot;:&quot;&quot;,&quot;alt&quot;:&quot;&quot;,&quot;source&quot;:&quot;library&quot;},&quot;source&quot;:&quot;media_file&quot;,&quot;caption_source&quot;:&quot;none&quot;,&quot;link_to&quot;:&quot;none&quot;,&quot;trigger&quot;:&quot;arriving_to_viewport&quot;,&quot;viewport&quot;:{&quot;unit&quot;:&quot;%&quot;,&quot;size&quot;:&quot;&quot;,&quot;sizes&quot;:{&quot;start&quot;:0,&quot;end&quot;:100}},&quot;play_speed&quot;:{&quot;unit&quot;:&quot;px&quot;,&quot;size&quot;:1,&quot;sizes&quot;:[]},&quot;start_point&quot;:{&quot;unit&quot;:&quot;%&quot;,&quot;size&quot;:0,&quot;sizes&quot;:[]},&quot;end_point&quot;:{&quot;unit&quot;:&quot;%&quot;,&quot;size&quot;:100,&quot;sizes&quot;:[]},&quot;renderer&quot;:&quot;svg&quot;}\" data-widget_type=\"lottie.default\">\n\t\t\t\t<div class=\"elementor-widget-container\">\n\t\t\t\t\t<div class=\"e-lottie__container\"><div class=\"e-lottie__animation\"><\/div><\/div>\t\t\t\t<\/div>\n\t\t\t\t<\/div>\n\t\t\t\t<div class=\"elementor-element elementor-element-d5af25b elementor-widget elementor-widget-text-editor\" data-id=\"d5af25b\" data-element_type=\"widget\" data-e-type=\"widget\" data-widget_type=\"text-editor.default\">\n\t\t\t\t<div class=\"elementor-widget-container\">\n\t\t\t\t\t\t\t\t\t<h5>1. Sin necesidad de descargar ninguna aplicaci\u00f3n, tu cliente puede ordenar desde la mesa de tu restaurante, en modalidad take away o delivery, escaneando el c\u00f3digo QR de tu restaurante o haciendo clic en el link de tu men\u00fa, que puede ser enviado tambi\u00e9n a trav\u00e9s de WhatsApp o en tus redes sociales<\/h5><p>2. La cocina recibe la orden en tiempo real<\/p><p>3. El cliente paga la cuenta desde su smartphone con un clic, eligiendo entre Visa, Mastercard, American Express, Google Pay o Apple Pay<\/p><p>4. El cliente que ha elegido el servicio de delivery o take away podr\u00e1 permanecer en contacto con tu restaurante a trav\u00e9s de WhatsApp<\/p>\t\t\t\t\t\t\t\t<\/div>\n\t\t\t\t<\/div>\n\t\t\t\t\t<\/div>\n\t\t<\/div>\n\t\t\t\t<div class=\"elementor-column elementor-col-33 elementor-top-column elementor-element elementor-element-dc65bb4\" data-id=\"dc65bb4\" data-element_type=\"column\" data-e-type=\"column\">\n\t\t\t<div class=\"elementor-widget-wrap elementor-element-populated\">\n\t\t\t\t\t\t<div class=\"elementor-element elementor-element-64e4a38 elementor-widget elementor-widget-image\" data-id=\"64e4a38\" data-element_type=\"widget\" data-e-type=\"widget\" data-widget_type=\"image.default\">\n\t\t\t\t<div class=\"elementor-widget-container\">\n\t\t\t\t\t\t\t\t\t\t\t\t\t\t\t<img decoding=\"async\" width=\"470\" height=\"533\" src=\"https:\/\/homepage.qodeup.com\/wp-content\/uploads\/2022\/12\/feature2_img3-1.png\" class=\"attachment-full size-full wp-image-2174\" alt=\"\" srcset=\"https:\/\/homepage.qodeup.com\/wp-content\/uploads\/2022\/12\/feature2_img3-1.png 470w, https:\/\/homepage.qodeup.com\/wp-content\/uploads\/2022\/12\/feature2_img3-1-265x300.png 265w\" sizes=\"(max-width: 470px) 100vw, 470px\" \/>\t\t\t\t\t\t\t\t\t\t\t\t\t\t\t<\/div>\n\t\t\t\t<\/div>\n\t\t\t\t\t<\/div>\n\t\t<\/div>\n\t\t\t\t\t<\/div>\n\t\t<\/section>\n\t\t\t\t<section class=\"elementor-section elementor-top-section elementor-element elementor-element-b4cfe01 elementor-section-boxed elementor-section-height-default elementor-section-height-default\" data-id=\"b4cfe01\" data-element_type=\"section\" data-e-type=\"section\">\n\t\t\t\t\t\t<div class=\"elementor-container elementor-column-gap-default\">\n\t\t\t\t\t<div class=\"elementor-column elementor-col-100 elementor-top-column elementor-element elementor-element-4a383cf\" data-id=\"4a383cf\" data-element_type=\"column\" data-e-type=\"column\">\n\t\t\t<div class=\"elementor-widget-wrap elementor-element-populated\">\n\t\t\t\t\t\t<div class=\"elementor-element elementor-element-e304338 elementor-widget__width-initial elementor-absolute elementor-align-left elementor-hidden-tablet elementor-hidden-mobile elementor-hidden-desktop elementor-widget elementor-widget-lottie\" data-id=\"e304338\" data-element_type=\"widget\" data-e-type=\"widget\" data-settings=\"{&quot;source_json&quot;:{&quot;url&quot;:&quot;https:\\\/\\\/homepage.qodeup.com\\\/wp-content\\\/uploads\\\/2022\\\/11\\\/FEAT2_anim5.json&quot;,&quot;id&quot;:1094,&quot;size&quot;:&quot;&quot;,&quot;alt&quot;:&quot;&quot;,&quot;source&quot;:&quot;library&quot;},&quot;_position&quot;:&quot;absolute&quot;,&quot;source&quot;:&quot;media_file&quot;,&quot;caption_source&quot;:&quot;none&quot;,&quot;link_to&quot;:&quot;none&quot;,&quot;trigger&quot;:&quot;arriving_to_viewport&quot;,&quot;viewport&quot;:{&quot;unit&quot;:&quot;%&quot;,&quot;size&quot;:&quot;&quot;,&quot;sizes&quot;:{&quot;start&quot;:0,&quot;end&quot;:100}},&quot;play_speed&quot;:{&quot;unit&quot;:&quot;px&quot;,&quot;size&quot;:1,&quot;sizes&quot;:[]},&quot;start_point&quot;:{&quot;unit&quot;:&quot;%&quot;,&quot;size&quot;:0,&quot;sizes&quot;:[]},&quot;end_point&quot;:{&quot;unit&quot;:&quot;%&quot;,&quot;size&quot;:100,&quot;sizes&quot;:[]},&quot;renderer&quot;:&quot;svg&quot;}\" data-widget_type=\"lottie.default\">\n\t\t\t\t<div class=\"elementor-widget-container\">\n\t\t\t\t\t<div class=\"e-lottie__container\"><div class=\"e-lottie__animation\"><\/div><\/div>\t\t\t\t<\/div>\n\t\t\t\t<\/div>\n\t\t\t\t<div class=\"elementor-element elementor-element-a5a3b12 elementor-widget elementor-widget-heading\" data-id=\"a5a3b12\" data-element_type=\"widget\" data-e-type=\"widget\" data-widget_type=\"heading.default\">\n\t\t\t\t<div class=\"elementor-widget-container\">\n\t\t\t\t\t<h3 class=\"elementor-heading-title elementor-size-default\">Ordena y paga para todos<\/h3>\t\t\t\t<\/div>\n\t\t\t\t<\/div>\n\t\t\t\t<div class=\"elementor-element elementor-element-db52297 elementor-widget elementor-widget-heading\" data-id=\"db52297\" data-element_type=\"widget\" data-e-type=\"widget\" data-widget_type=\"heading.default\">\n\t\t\t\t<div class=\"elementor-widget-container\">\n\t\t\t\t\t<h5 class=\"elementor-heading-title elementor-size-default\">Qodeup te conviene si tienes un restaurante, un bar, un pub o un hotel<\/h5>\t\t\t\t<\/div>\n\t\t\t\t<\/div>\n\t\t\t\t<div class=\"elementor-element elementor-element-dcc7fe6 elementor-widget__width-initial elementor-position-top elementor-widget elementor-widget-image-box\" data-id=\"dcc7fe6\" data-element_type=\"widget\" data-e-type=\"widget\" data-widget_type=\"image-box.default\">\n\t\t\t\t<div class=\"elementor-widget-container\">\n\t\t\t\t\t<div class=\"elementor-image-box-wrapper\"><figure class=\"elementor-image-box-img\"><img loading=\"lazy\" decoding=\"async\" width=\"300\" height=\"300\" src=\"https:\/\/homepage.qodeup.com\/wp-content\/uploads\/2023\/01\/feature2_icon1-300x300.png\" class=\"attachment-medium size-medium wp-image-5089\" alt=\"\" srcset=\"https:\/\/homepage.qodeup.com\/wp-content\/uploads\/2023\/01\/feature2_icon1.png 300w, https:\/\/homepage.qodeup.com\/wp-content\/uploads\/2023\/01\/feature2_icon1-150x150.png 150w\" sizes=\"(max-width: 300px) 100vw, 300px\" \/><\/figure><div class=\"elementor-image-box-content\"><h5 class=\"elementor-image-box-title\">No importa d\u00f3nde<\/h5><p class=\"elementor-image-box-description\">Donde quiera que se encuentre tu cliente, siempre puede pagar su orden desde el smartphone<\/p><\/div><\/div>\t\t\t\t<\/div>\n\t\t\t\t<\/div>\n\t\t\t\t<div class=\"elementor-element elementor-element-c6d1a7f elementor-widget__width-initial elementor-position-top elementor-widget elementor-widget-image-box\" data-id=\"c6d1a7f\" data-element_type=\"widget\" data-e-type=\"widget\" data-widget_type=\"image-box.default\">\n\t\t\t\t<div class=\"elementor-widget-container\">\n\t\t\t\t\t<div class=\"elementor-image-box-wrapper\"><figure class=\"elementor-image-box-img\"><img loading=\"lazy\" decoding=\"async\" width=\"300\" height=\"300\" src=\"https:\/\/homepage.qodeup.com\/wp-content\/uploads\/2023\/01\/feature2_icon2-300x300.png\" class=\"attachment-medium size-medium wp-image-5092\" alt=\"\" srcset=\"https:\/\/homepage.qodeup.com\/wp-content\/uploads\/2023\/01\/feature2_icon2.png 300w, https:\/\/homepage.qodeup.com\/wp-content\/uploads\/2023\/01\/feature2_icon2-150x150.png 150w\" sizes=\"(max-width: 300px) 100vw, 300px\" \/><\/figure><div class=\"elementor-image-box-content\"><h5 class=\"elementor-image-box-title\">Sin tiempos de espera<\/h5><p class=\"elementor-image-box-description\">Qodeup te facilita las \u00f3rdenes y las modificaciones incluso cuando tu local est\u00e1 lleno de gente<\/p><\/div><\/div>\t\t\t\t<\/div>\n\t\t\t\t<\/div>\n\t\t\t\t<div class=\"elementor-element elementor-element-1b8304d elementor-widget__width-initial elementor-position-top elementor-widget elementor-widget-image-box\" data-id=\"1b8304d\" data-element_type=\"widget\" data-e-type=\"widget\" data-widget_type=\"image-box.default\">\n\t\t\t\t<div class=\"elementor-widget-container\">\n\t\t\t\t\t<div class=\"elementor-image-box-wrapper\"><figure class=\"elementor-image-box-img\"><img loading=\"lazy\" decoding=\"async\" width=\"300\" height=\"300\" src=\"https:\/\/homepage.qodeup.com\/wp-content\/uploads\/2023\/01\/feature2_icon3-300x300.png\" class=\"attachment-medium size-medium wp-image-5095\" alt=\"\" srcset=\"https:\/\/homepage.qodeup.com\/wp-content\/uploads\/2023\/01\/feature2_icon3.png 300w, https:\/\/homepage.qodeup.com\/wp-content\/uploads\/2023\/01\/feature2_icon3-150x150.png 150w\" sizes=\"(max-width: 300px) 100vw, 300px\" \/><\/figure><div class=\"elementor-image-box-content\"><h5 class=\"elementor-image-box-title\">Clientes satisfechos<\/h5><p class=\"elementor-image-box-description\">Reduciendo los tiempos de espera y mejorando la atenci\u00f3n, tus clientes querr\u00e1n volver a tu restaurante siempre<\/p><\/div><\/div>\t\t\t\t<\/div>\n\t\t\t\t<\/div>\n\t\t\t\t\t<\/div>\n\t\t<\/div>\n\t\t\t\t\t<\/div>\n\t\t<\/section>\n\t\t\t\t<section class=\"elementor-section elementor-top-section elementor-element elementor-element-be284d6 elementor-section-content-middle elementor-section-boxed elementor-section-height-default elementor-section-height-default\" data-id=\"be284d6\" data-element_type=\"section\" data-e-type=\"section\" data-settings=\"{&quot;background_background&quot;:&quot;gradient&quot;,&quot;shape_divider_top&quot;:&quot;curve&quot;}\">\n\t\t\t\t\t<div class=\"elementor-shape elementor-shape-top\" aria-hidden=\"true\" data-negative=\"false\">\n\t\t\t<svg xmlns=\"http:\/\/www.w3.org\/2000\/svg\" viewBox=\"0 0 1000 100\" preserveAspectRatio=\"none\">\n    <path class=\"elementor-shape-fill\" d=\"M1000,4.3V0H0v4.3C0.9,23.1,126.7,99.2,500,100S1000,22.7,1000,4.3z\"\/>\n<\/svg>\t\t<\/div>\n\t\t\t\t\t<div class=\"elementor-container elementor-column-gap-default\">\n\t\t\t\t\t<div class=\"elementor-column elementor-col-33 elementor-top-column elementor-element elementor-element-e7c1a38\" data-id=\"e7c1a38\" data-element_type=\"column\" data-e-type=\"column\">\n\t\t\t<div class=\"elementor-widget-wrap elementor-element-populated\">\n\t\t\t\t\t\t<div class=\"elementor-element elementor-element-a1738df elementor-widget elementor-widget-image\" data-id=\"a1738df\" data-element_type=\"widget\" data-e-type=\"widget\" data-widget_type=\"image.default\">\n\t\t\t\t<div class=\"elementor-widget-container\">\n\t\t\t\t\t\t\t\t\t\t\t\t\t\t\t<img loading=\"lazy\" decoding=\"async\" width=\"460\" height=\"600\" src=\"https:\/\/homepage.qodeup.com\/wp-content\/uploads\/2023\/08\/smartphone-OP-1.png\" class=\"elementor-animation-grow attachment-full size-full wp-image-6490\" alt=\"\" srcset=\"https:\/\/homepage.qodeup.com\/wp-content\/uploads\/2023\/08\/smartphone-OP-1.png 460w, https:\/\/homepage.qodeup.com\/wp-content\/uploads\/2023\/08\/smartphone-OP-1-230x300.png 230w\" sizes=\"(max-width: 460px) 100vw, 460px\" \/>\t\t\t\t\t\t\t\t\t\t\t\t\t\t\t<\/div>\n\t\t\t\t<\/div>\n\t\t\t\t\t<\/div>\n\t\t<\/div>\n\t\t\t\t<div class=\"elementor-column elementor-col-66 elementor-top-column elementor-element elementor-element-5a3bea3\" data-id=\"5a3bea3\" data-element_type=\"column\" data-e-type=\"column\">\n\t\t\t<div class=\"elementor-widget-wrap elementor-element-populated\">\n\t\t\t\t\t\t<div class=\"elementor-element elementor-element-46cc917 elementor-widget elementor-widget-heading\" data-id=\"46cc917\" data-element_type=\"widget\" data-e-type=\"widget\" data-widget_type=\"heading.default\">\n\t\t\t\t<div class=\"elementor-widget-container\">\n\t\t\t\t\t<h3 class=\"elementor-heading-title elementor-size-default\">Muchas formas de ordenar<\/h3>\t\t\t\t<\/div>\n\t\t\t\t<\/div>\n\t\t\t\t<div class=\"elementor-element elementor-element-8418c13 elementor-widget elementor-widget-text-editor\" data-id=\"8418c13\" data-element_type=\"widget\" data-e-type=\"widget\" data-widget_type=\"text-editor.default\">\n\t\t\t\t<div class=\"elementor-widget-container\">\n\t\t\t\t\t\t\t\t\t<h5>Qodeup est\u00e1 a un clic, para ti y para tus clientes<\/h5><p><strong>Orden en la mesa:<\/strong> el cliente ordena y paga directamente en la mesa<\/p><p><strong>Take away:<\/strong> el cliente ordena, paga, retira y est\u00e1 listo para disfrutar\u00a0<\/p><p><strong>Delivery:<\/strong> el cliente ordena, paga y espera tus platos directamente en su casa<\/p>\t\t\t\t\t\t\t\t<\/div>\n\t\t\t\t<\/div>\n\t\t\t\t\t<\/div>\n\t\t<\/div>\n\t\t\t\t\t<\/div>\n\t\t<\/section>\n\t\t\t\t<\/div>\n\t\t","protected":false},"excerpt":{"rendered":"<p>Ordena y paga con un clic Sin aplicaci\u00f3n: tus clientes ordenan en tu restaurante, desde casa o desde la oficina y pagan desde el smartphone Prueba Ordena y Paga C\u00f3mo funciona para ti 1. Recibes las credenciales de acceso a tu men\u00faDespu\u00e9s de haber firmado el contrato, recibes las credenciales de acceso a tu men\u00fa [&hellip;]<\/p>\n","protected":false},"author":3,"featured_media":0,"parent":0,"menu_order":0,"comment_status":"closed","ping_status":"closed","template":"","meta":{"_acf_changed":false,"content-type":"","footnotes":""},"class_list":["post-1608","page","type-page","status-publish","hentry"],"acf":[],"_links":{"self":[{"href":"https:\/\/homepage.qodeup.com\/es\/wp-json\/wp\/v2\/pages\/1608","targetHints":{"allow":["GET"]}}],"collection":[{"href":"https:\/\/homepage.qodeup.com\/es\/wp-json\/wp\/v2\/pages"}],"about":[{"href":"https:\/\/homepage.qodeup.com\/es\/wp-json\/wp\/v2\/types\/page"}],"author":[{"embeddable":true,"href":"https:\/\/homepage.qodeup.com\/es\/wp-json\/wp\/v2\/users\/3"}],"replies":[{"embeddable":true,"href":"https:\/\/homepage.qodeup.com\/es\/wp-json\/wp\/v2\/comments?post=1608"}],"version-history":[{"count":9,"href":"https:\/\/homepage.qodeup.com\/es\/wp-json\/wp\/v2\/pages\/1608\/revisions"}],"predecessor-version":[{"id":6732,"href":"https:\/\/homepage.qodeup.com\/es\/wp-json\/wp\/v2\/pages\/1608\/revisions\/6732"}],"wp:attachment":[{"href":"https:\/\/homepage.qodeup.com\/es\/wp-json\/wp\/v2\/media?parent=1608"}],"curies":[{"name":"wp","href":"https:\/\/api.w.org\/{rel}","templated":true}]}}