{"id":3657,"date":"2022-12-27T11:37:06","date_gmt":"2022-12-27T11:37:06","guid":{"rendered":"https:\/\/homepage.qodeup.com\/articulo-testimonial\/"},"modified":"2023-11-17T16:17:49","modified_gmt":"2023-11-17T16:17:49","slug":"restaurante-vittoria","status":"publish","type":"page","link":"https:\/\/homepage.qodeup.com\/es\/restaurante-vittoria\/","title":{"rendered":"Restaurante Vittoria"},"content":{"rendered":"\t\t<div data-elementor-type=\"wp-page\" data-elementor-id=\"3657\" class=\"elementor elementor-3657 elementor-3163\" data-elementor-post-type=\"page\">\n\t\t\t\t\t\t<section class=\"elementor-section elementor-top-section elementor-element elementor-element-e4fc313 elementor-section-content-middle elementor-section-height-min-height elementor-section-boxed elementor-section-height-default elementor-section-items-middle\" data-id=\"e4fc313\" data-element_type=\"section\" data-e-type=\"section\" data-settings=\"{&quot;background_background&quot;:&quot;classic&quot;}\">\n\t\t\t\t\t\t<div class=\"elementor-container elementor-column-gap-default\">\n\t\t\t\t\t<div class=\"elementor-column elementor-col-50 elementor-top-column elementor-element elementor-element-6a1ed83\" data-id=\"6a1ed83\" data-element_type=\"column\" data-e-type=\"column\">\n\t\t\t<div class=\"elementor-widget-wrap elementor-element-populated\">\n\t\t\t\t\t\t<div class=\"elementor-element elementor-element-ce149d8 elementor-widget elementor-widget-heading\" data-id=\"ce149d8\" data-element_type=\"widget\" data-e-type=\"widget\" data-widget_type=\"heading.default\">\n\t\t\t\t<div class=\"elementor-widget-container\">\n\t\t\t\t\t<h1 class=\"elementor-heading-title elementor-size-default\">Restaurante Vittoria: \nla felicidad se mide con un... C\u00f3digo QR!<\/h1>\t\t\t\t<\/div>\n\t\t\t\t<\/div>\n\t\t\t\t<div class=\"elementor-element elementor-element-4c83d88 elementor-widget__width-initial elementor-hidden-desktop elementor-hidden-tablet elementor-hidden-mobile elementor-align-center elementor-widget elementor-widget-lottie\" data-id=\"4c83d88\" data-element_type=\"widget\" data-e-type=\"widget\" data-settings=\"{&quot;source_json&quot;:{&quot;url&quot;:&quot;https:\\\/\\\/homepage.qodeup.com\\\/wp-content\\\/uploads\\\/2022\\\/12\\\/TESTIMONIAL-ARTICLE_anim2.json&quot;,&quot;id&quot;:3876,&quot;size&quot;:&quot;&quot;,&quot;alt&quot;:&quot;&quot;,&quot;source&quot;:&quot;library&quot;},&quot;source&quot;:&quot;media_file&quot;,&quot;caption_source&quot;:&quot;none&quot;,&quot;link_to&quot;:&quot;none&quot;,&quot;trigger&quot;:&quot;arriving_to_viewport&quot;,&quot;viewport&quot;:{&quot;unit&quot;:&quot;%&quot;,&quot;size&quot;:&quot;&quot;,&quot;sizes&quot;:{&quot;start&quot;:0,&quot;end&quot;:100}},&quot;play_speed&quot;:{&quot;unit&quot;:&quot;px&quot;,&quot;size&quot;:1,&quot;sizes&quot;:[]},&quot;start_point&quot;:{&quot;unit&quot;:&quot;%&quot;,&quot;size&quot;:0,&quot;sizes&quot;:[]},&quot;end_point&quot;:{&quot;unit&quot;:&quot;%&quot;,&quot;size&quot;:100,&quot;sizes&quot;:[]},&quot;renderer&quot;:&quot;svg&quot;}\" data-widget_type=\"lottie.default\">\n\t\t\t\t<div class=\"elementor-widget-container\">\n\t\t\t\t\t<div class=\"e-lottie__container\"><div class=\"e-lottie__animation\"><\/div><\/div>\t\t\t\t<\/div>\n\t\t\t\t<\/div>\n\t\t\t\t\t<\/div>\n\t\t<\/div>\n\t\t\t\t<div class=\"elementor-column elementor-col-50 elementor-top-column elementor-element elementor-element-d3786be\" data-id=\"d3786be\" data-element_type=\"column\" data-e-type=\"column\">\n\t\t\t<div class=\"elementor-widget-wrap elementor-element-populated\">\n\t\t\t\t\t\t<div class=\"elementor-element elementor-element-fd40da7 elementor-widget elementor-widget-spacer\" data-id=\"fd40da7\" data-element_type=\"widget\" data-e-type=\"widget\" data-widget_type=\"spacer.default\">\n\t\t\t\t<div class=\"elementor-widget-container\">\n\t\t\t\t\t\t\t<div class=\"elementor-spacer\">\n\t\t\t<div class=\"elementor-spacer-inner\"><\/div>\n\t\t<\/div>\n\t\t\t\t\t\t<\/div>\n\t\t\t\t<\/div>\n\t\t\t\t<div class=\"elementor-element elementor-element-127a6e5 elementor-align-right elementor-tablet-align-center elementor-widget elementor-widget-lottie\" data-id=\"127a6e5\" data-element_type=\"widget\" data-e-type=\"widget\" data-settings=\"{&quot;source_json&quot;:{&quot;url&quot;:&quot;https:\\\/\\\/homepage.qodeup.com\\\/wp-content\\\/uploads\\\/2022\\\/12\\\/TESTIMONIAL-ARTICLE_anim1.json&quot;,&quot;id&quot;:3873,&quot;size&quot;:&quot;&quot;,&quot;alt&quot;:&quot;&quot;,&quot;source&quot;:&quot;library&quot;},&quot;source&quot;:&quot;media_file&quot;,&quot;caption_source&quot;:&quot;none&quot;,&quot;link_to&quot;:&quot;none&quot;,&quot;trigger&quot;:&quot;arriving_to_viewport&quot;,&quot;viewport&quot;:{&quot;unit&quot;:&quot;%&quot;,&quot;size&quot;:&quot;&quot;,&quot;sizes&quot;:{&quot;start&quot;:0,&quot;end&quot;:100}},&quot;play_speed&quot;:{&quot;unit&quot;:&quot;px&quot;,&quot;size&quot;:1,&quot;sizes&quot;:[]},&quot;start_point&quot;:{&quot;unit&quot;:&quot;%&quot;,&quot;size&quot;:0,&quot;sizes&quot;:[]},&quot;end_point&quot;:{&quot;unit&quot;:&quot;%&quot;,&quot;size&quot;:100,&quot;sizes&quot;:[]},&quot;renderer&quot;:&quot;svg&quot;}\" data-widget_type=\"lottie.default\">\n\t\t\t\t<div class=\"elementor-widget-container\">\n\t\t\t\t\t<div class=\"e-lottie__container\"><div class=\"e-lottie__animation\"><\/div><\/div>\t\t\t\t<\/div>\n\t\t\t\t<\/div>\n\t\t\t\t<div class=\"elementor-element elementor-element-1463d72 elementor-widget elementor-widget-image\" data-id=\"1463d72\" data-element_type=\"widget\" data-e-type=\"widget\" data-widget_type=\"image.default\">\n\t\t\t\t<div class=\"elementor-widget-container\">\n\t\t\t\t\t\t\t\t\t\t\t\t\t\t\t<img fetchpriority=\"high\" decoding=\"async\" width=\"563\" height=\"563\" src=\"https:\/\/homepage.qodeup.com\/wp-content\/uploads\/2022\/12\/testimonial-article_img1.png\" class=\"attachment-full size-full wp-image-3166\" alt=\"\" srcset=\"https:\/\/homepage.qodeup.com\/wp-content\/uploads\/2022\/12\/testimonial-article_img1.png 563w, https:\/\/homepage.qodeup.com\/wp-content\/uploads\/2022\/12\/testimonial-article_img1-300x300.png 300w, https:\/\/homepage.qodeup.com\/wp-content\/uploads\/2022\/12\/testimonial-article_img1-150x150.png 150w\" sizes=\"(max-width: 563px) 100vw, 563px\" \/>\t\t\t\t\t\t\t\t\t\t\t\t\t\t\t<\/div>\n\t\t\t\t<\/div>\n\t\t\t\t\t<\/div>\n\t\t<\/div>\n\t\t\t\t\t<\/div>\n\t\t<\/section>\n\t\t\t\t<section class=\"elementor-section elementor-top-section elementor-element elementor-element-abd2d2c elementor-section-boxed elementor-section-height-default elementor-section-height-default\" data-id=\"abd2d2c\" data-element_type=\"section\" data-e-type=\"section\">\n\t\t\t\t\t\t<div class=\"elementor-container elementor-column-gap-default\">\n\t\t\t\t\t<div class=\"elementor-column elementor-col-100 elementor-top-column elementor-element elementor-element-02a2860\" data-id=\"02a2860\" data-element_type=\"column\" data-e-type=\"column\">\n\t\t\t<div class=\"elementor-widget-wrap elementor-element-populated\">\n\t\t\t\t\t\t<div class=\"elementor-element elementor-element-ac85837 elementor-widget elementor-widget-text-editor\" data-id=\"ac85837\" data-element_type=\"widget\" data-e-type=\"widget\" data-widget_type=\"text-editor.default\">\n\t\t\t\t<div class=\"elementor-widget-container\">\n\t\t\t\t\t\t\t\t\t<h5><span style=\"font-weight: 400;\">Ascoli Piceno, 1924. Nace el restaurante Vittoria, un lugar m\u00e1gico donde los platos\u00a0 reci\u00e9n sacado de la cocina de Mamma Sunni y Daniele, llegan a las expertas manos de Marco, Eugenio, Tony y Elisa.<\/span><\/h5><h5><span style=\"font-weight: 400;\">En este ambiente \u00fanico s\u00f3lo se aplica una regla: emocionar y sorprender al cliente. Para ello, Daniele ha optado no s\u00f3lo por ofrecer platos genuinos, sino\u2026 \u00a1Qodeup! Gracias a nuestro m\u00e9todo de pago con c\u00f3digo QR, el equipo del<\/span><\/h5><h5><span style=\"font-weight: 400;\">Ristorante Vittoria ha simplificado y mejorado la experiencia de sus clientes, optimizaci\u00f3n de la gesti\u00f3n del restaurante y esto ha aumentoado la facturaci\u00f3n.<\/span><\/h5><h5><span style=\"font-weight: 400;\">Tomemos un caf\u00e9 con Daniele, nuestro fiel restaurador.<\/span><\/h5>\t\t\t\t\t\t\t\t<\/div>\n\t\t\t\t<\/div>\n\t\t\t\t<div class=\"elementor-element elementor-element-b49ca6e elementor-align-right elementor-hidden-mobile elementor-hidden-desktop elementor-hidden-tablet elementor-widget elementor-widget-lottie\" data-id=\"b49ca6e\" data-element_type=\"widget\" data-e-type=\"widget\" data-settings=\"{&quot;source_json&quot;:{&quot;url&quot;:&quot;https:\\\/\\\/homepage.qodeup.com\\\/wp-content\\\/uploads\\\/2022\\\/12\\\/TESTIMONIAL-ARTICLE_anim3.json&quot;,&quot;id&quot;:3879,&quot;size&quot;:&quot;&quot;,&quot;alt&quot;:&quot;&quot;,&quot;source&quot;:&quot;library&quot;},&quot;source&quot;:&quot;media_file&quot;,&quot;caption_source&quot;:&quot;none&quot;,&quot;link_to&quot;:&quot;none&quot;,&quot;trigger&quot;:&quot;arriving_to_viewport&quot;,&quot;viewport&quot;:{&quot;unit&quot;:&quot;%&quot;,&quot;size&quot;:&quot;&quot;,&quot;sizes&quot;:{&quot;start&quot;:0,&quot;end&quot;:100}},&quot;play_speed&quot;:{&quot;unit&quot;:&quot;px&quot;,&quot;size&quot;:1,&quot;sizes&quot;:[]},&quot;start_point&quot;:{&quot;unit&quot;:&quot;%&quot;,&quot;size&quot;:0,&quot;sizes&quot;:[]},&quot;end_point&quot;:{&quot;unit&quot;:&quot;%&quot;,&quot;size&quot;:100,&quot;sizes&quot;:[]},&quot;renderer&quot;:&quot;svg&quot;}\" data-widget_type=\"lottie.default\">\n\t\t\t\t<div class=\"elementor-widget-container\">\n\t\t\t\t\t<div class=\"e-lottie__container\"><div class=\"e-lottie__animation\"><\/div><\/div>\t\t\t\t<\/div>\n\t\t\t\t<\/div>\n\t\t\t\t<div class=\"elementor-element elementor-element-22c4dff elementor-widget elementor-widget-heading\" data-id=\"22c4dff\" data-element_type=\"widget\" data-e-type=\"widget\" data-widget_type=\"heading.default\">\n\t\t\t\t<div class=\"elementor-widget-container\">\n\t\t\t\t\t<h4 class=\"elementor-heading-title elementor-size-default\">Hola Daniele, a mis amigos y a mi nos apetece una deliciosa cena en tu restaurante. \u00bfC\u00f3mo funciona Qodeup?\n<\/h4>\t\t\t\t<\/div>\n\t\t\t\t<\/div>\n\t\t\t\t<div class=\"elementor-element elementor-element-17dd7b5 elementor-widget elementor-widget-text-editor\" data-id=\"17dd7b5\" data-element_type=\"widget\" data-e-type=\"widget\" data-widget_type=\"text-editor.default\">\n\t\t\t\t<div class=\"elementor-widget-container\">\n\t\t\t\t\t\t\t\t\t<h5><span style=\"font-weight: 400;\">Para empezar, uno de nuestros camareros te da la bienvenida y te sienta en el mesa.<\/span><\/h5><h5><span style=\"font-weight: 400;\">\u00a1La experiencia con Qodeup empieza ahora mismo!<\/span><\/h5><h5><span style=\"font-weight: 400;\">En la mesa, en los manteles e individuales hemos distribuido algunos C\u00f3digos QR muy f\u00e1ciles de usar. S\u00f3lo tienes que escanear el c\u00f3digo QR con tu smartphone para ver el men\u00fa. Luego de disfrutar de uno de uno de nuestros postres m\u00e1s vendidos, el cremini all&#8217;ascolana, es hora de pagar la cuenta.<\/span><\/h5><h5><span style=\"font-weight: 400;\">Vuelves a escanear el c\u00f3digo QR, visualizas la factura y eliges si quieres pagar s\u00f3lo tu parte, dividir la factura a partes iguales\u00a0 o pagar toda la cuenta.\u00a0<\/span><\/h5><h5><span style=\"font-weight: 400;\">Tras seleccionar el m\u00e9todo de entre tarjeta de cr\u00e9dito, Apple Pay o Google Pay, puedes tambien dejar propina!<\/span><\/h5><h5><span style=\"font-weight: 400;\">En s\u00f3lo 10 segundos habr\u00e1s pagado la factura y podr\u00e1s<\/span><\/h5><h5><span style=\"font-weight: 400;\">salir del restaurante para dar un relajante paseo.<\/span><\/h5><h5><span style=\"font-weight: 400;\">Para m\u00ed y mi equipo, \u00a1nada podr\u00eda ser m\u00e1s f\u00e1cil y r\u00e1pido! Simplemente accedemos al panel de control personalizado desde cualquier dispositivo para realizar el seguimiento de los pagos.<\/span><\/h5><h5><span style=\"font-weight: 400;\">\u00a1Ya est\u00e1!<\/span><\/h5><h5><span style=\"font-weight: 400;\">P.D. \u00a1Nadie tuvo que instalar una aplicaci\u00f3n porque el c\u00f3digo QR lo hizo todo solo!<\/span><\/h5><div><span style=\"font-weight: 400;\">\u00a0<\/span><\/div>\t\t\t\t\t\t\t\t<\/div>\n\t\t\t\t<\/div>\n\t\t\t\t<div class=\"elementor-element elementor-element-8f9d82e elementor-widget elementor-widget-heading\" data-id=\"8f9d82e\" data-element_type=\"widget\" data-e-type=\"widget\" data-widget_type=\"heading.default\">\n\t\t\t\t<div class=\"elementor-widget-container\">\n\t\t\t\t\t<h4 class=\"elementor-heading-title elementor-size-default\">\u00bfQu\u00e9 opinan tus clientes de Qodeup?\n<\/h4>\t\t\t\t<\/div>\n\t\t\t\t<\/div>\n\t\t\t\t<div class=\"elementor-element elementor-element-41ff3be elementor-align-left elementor-widget__width-initial elementor-hidden-desktop elementor-hidden-tablet elementor-hidden-mobile elementor-widget elementor-widget-lottie\" data-id=\"41ff3be\" data-element_type=\"widget\" data-e-type=\"widget\" data-settings=\"{&quot;source_json&quot;:{&quot;url&quot;:&quot;https:\\\/\\\/homepage.qodeup.com\\\/wp-content\\\/uploads\\\/2022\\\/12\\\/TESTIMONIAL-ARTICLE_anim4.json&quot;,&quot;id&quot;:3882,&quot;size&quot;:&quot;&quot;,&quot;alt&quot;:&quot;&quot;,&quot;source&quot;:&quot;library&quot;},&quot;source&quot;:&quot;media_file&quot;,&quot;caption_source&quot;:&quot;none&quot;,&quot;link_to&quot;:&quot;none&quot;,&quot;trigger&quot;:&quot;arriving_to_viewport&quot;,&quot;viewport&quot;:{&quot;unit&quot;:&quot;%&quot;,&quot;size&quot;:&quot;&quot;,&quot;sizes&quot;:{&quot;start&quot;:0,&quot;end&quot;:100}},&quot;play_speed&quot;:{&quot;unit&quot;:&quot;px&quot;,&quot;size&quot;:1,&quot;sizes&quot;:[]},&quot;start_point&quot;:{&quot;unit&quot;:&quot;%&quot;,&quot;size&quot;:0,&quot;sizes&quot;:[]},&quot;end_point&quot;:{&quot;unit&quot;:&quot;%&quot;,&quot;size&quot;:100,&quot;sizes&quot;:[]},&quot;renderer&quot;:&quot;svg&quot;}\" data-widget_type=\"lottie.default\">\n\t\t\t\t<div class=\"elementor-widget-container\">\n\t\t\t\t\t<div class=\"e-lottie__container\"><div class=\"e-lottie__animation\"><\/div><\/div>\t\t\t\t<\/div>\n\t\t\t\t<\/div>\n\t\t\t\t<div class=\"elementor-element elementor-element-fb46a9c elementor-widget elementor-widget-text-editor\" data-id=\"fb46a9c\" data-element_type=\"widget\" data-e-type=\"widget\" data-widget_type=\"text-editor.default\">\n\t\t\t\t<div class=\"elementor-widget-container\">\n\t\t\t\t\t\t\t\t\t<h5><span style=\"font-weight: 400;\">\u00a1A los clientes habituales de nuestro restaurante les encanta Qodeup! Y los nuevos, tienen la misma reacci\u00f3n: \u00ab\u00bfEn serio? \u00bfPuedo pagar con un c\u00f3digo QR?\u00bb.<\/span><\/h5><h5><span style=\"font-weight: 400;\">Todo lo que nuestro equipo tiene que hacer es se\u00f1alar el c\u00f3digo QR en la mesa o en la caja registradora para que los clientes entiendan c\u00f3mo funciona.<\/span><\/h5><h5><span style=\"font-weight: 400;\">Y te dir\u00e9 m\u00e1s. Hace un rato un nuevo cliente nos dej\u00f3 esta<\/span><\/h5><h5><span style=\"font-weight: 400;\">rese\u00f1a:<\/span><\/h5><h5><span style=\"font-weight: 400;\">\u00ab&#8230;Tambi\u00e9n debo decir unas palabras sobre el peculiar m\u00e9todo de pago:<\/span><\/h5><h5><span style=\"font-weight: 400;\">Se paga de manera muy f\u00e1cil y r\u00e1pida en la mesa introduciendo solo los datos de la tarjeta como en cualquier compra por Internet, e incluso se puede decidir cu\u00e1nto se quiere pagar.<\/span><\/h5><h5><span style=\"font-weight: 400;\">Todo esto desde la comodidad de tu mesa.<\/span><\/h5><h5><span style=\"font-weight: 400;\">Nunca hab\u00eda visto nada igual y me parece super<\/span><\/h5><h5><span style=\"font-weight: 400;\">\u00a1conveniente!<\/span><\/h5><h5><span style=\"font-weight: 400;\">En resumen: gran experiencia, \u00a1me gustar\u00eda volver pronto!\u201d.<\/span><\/h5><h5><span style=\"font-weight: 400;\">Como ya he dicho, sorprender a los clientes y emocionarlos es lo que m\u00e1s me gusta de este trabajo.<\/span><\/h5><div><span style=\"font-weight: 400;\">\u00a0<\/span><\/div>\t\t\t\t\t\t\t\t<\/div>\n\t\t\t\t<\/div>\n\t\t\t\t\t<\/div>\n\t\t<\/div>\n\t\t\t\t\t<\/div>\n\t\t<\/section>\n\t\t\t\t<section class=\"elementor-section elementor-top-section elementor-element elementor-element-b4ef8d9 elementor-section-boxed elementor-section-height-default elementor-section-height-default\" data-id=\"b4ef8d9\" data-element_type=\"section\" data-e-type=\"section\">\n\t\t\t\t\t\t<div class=\"elementor-container elementor-column-gap-no\">\n\t\t\t\t\t<div class=\"elementor-column elementor-col-100 elementor-top-column elementor-element elementor-element-d865c4d\" data-id=\"d865c4d\" data-element_type=\"column\" data-e-type=\"column\">\n\t\t\t<div class=\"elementor-widget-wrap elementor-element-populated\">\n\t\t\t\t\t\t<section class=\"elementor-section elementor-inner-section elementor-element elementor-element-fe01206 elementor-section-content-middle elementor-section-boxed elementor-section-height-default elementor-section-height-default\" data-id=\"fe01206\" data-element_type=\"section\" data-e-type=\"section\" data-settings=\"{&quot;background_background&quot;:&quot;classic&quot;}\">\n\t\t\t\t\t\t<div class=\"elementor-container elementor-column-gap-wider\">\n\t\t\t\t\t<div class=\"elementor-column elementor-col-66 elementor-inner-column elementor-element elementor-element-dfeb547\" data-id=\"dfeb547\" data-element_type=\"column\" data-e-type=\"column\">\n\t\t\t<div class=\"elementor-widget-wrap elementor-element-populated\">\n\t\t\t\t\t\t<div class=\"elementor-element elementor-element-961d5ce elementor-widget elementor-widget-heading\" data-id=\"961d5ce\" data-element_type=\"widget\" data-e-type=\"widget\" data-widget_type=\"heading.default\">\n\t\t\t\t<div class=\"elementor-widget-container\">\n\t\t\t\t\t<h4 class=\"elementor-heading-title elementor-size-default\">\u00bfTe ha gustado nuestro art\u00edculo? \u00a1Comp\u00e1rtelo!<\/h4>\t\t\t\t<\/div>\n\t\t\t\t<\/div>\n\t\t\t\t\t<\/div>\n\t\t<\/div>\n\t\t\t\t<div class=\"elementor-column elementor-col-33 elementor-inner-column elementor-element elementor-element-f8d8d9c\" data-id=\"f8d8d9c\" data-element_type=\"column\" data-e-type=\"column\">\n\t\t\t<div class=\"elementor-widget-wrap elementor-element-populated\">\n\t\t\t\t\t\t<div class=\"elementor-element elementor-element-e145203 elementor-share-buttons--view-icon elementor-share-buttons--skin-flat elementor-share-buttons--shape-circle elementor-share-buttons--color-custom elementor-grid-0 elementor-widget elementor-widget-share-buttons\" data-id=\"e145203\" data-element_type=\"widget\" data-e-type=\"widget\" data-widget_type=\"share-buttons.default\">\n\t\t\t\t<div class=\"elementor-widget-container\">\n\t\t\t\t\t\t\t<div class=\"elementor-grid\" role=\"list\">\n\t\t\t\t\t\t\t\t<div class=\"elementor-grid-item\" role=\"listitem\">\n\t\t\t\t\t\t<div class=\"elementor-share-btn elementor-share-btn_whatsapp\" role=\"button\" tabindex=\"0\" aria-label=\"Compartir en whatsapp\">\n\t\t\t\t\t\t\t\t\t\t\t\t\t\t\t<span class=\"elementor-share-btn__icon\">\n\t\t\t\t\t\t\t\t<i class=\"fab fa-whatsapp\" aria-hidden=\"true\"><\/i>\t\t\t\t\t\t\t<\/span>\n\t\t\t\t\t\t\t\t\t\t\t\t\t\t\t\t\t\t\t\t<\/div>\n\t\t\t\t\t<\/div>\n\t\t\t\t\t\t\t\t\t<div class=\"elementor-grid-item\" role=\"listitem\">\n\t\t\t\t\t\t<div class=\"elementor-share-btn elementor-share-btn_twitter\" role=\"button\" tabindex=\"0\" aria-label=\"Compartir en twitter\">\n\t\t\t\t\t\t\t\t\t\t\t\t\t\t\t<span class=\"elementor-share-btn__icon\">\n\t\t\t\t\t\t\t\t<i class=\"fab fa-twitter\" aria-hidden=\"true\"><\/i>\t\t\t\t\t\t\t<\/span>\n\t\t\t\t\t\t\t\t\t\t\t\t\t\t\t\t\t\t\t\t<\/div>\n\t\t\t\t\t<\/div>\n\t\t\t\t\t\t\t\t\t<div class=\"elementor-grid-item\" role=\"listitem\">\n\t\t\t\t\t\t<div class=\"elementor-share-btn elementor-share-btn_facebook\" role=\"button\" tabindex=\"0\" aria-label=\"Compartir en facebook\">\n\t\t\t\t\t\t\t\t\t\t\t\t\t\t\t<span class=\"elementor-share-btn__icon\">\n\t\t\t\t\t\t\t\t<i class=\"fab fa-facebook\" aria-hidden=\"true\"><\/i>\t\t\t\t\t\t\t<\/span>\n\t\t\t\t\t\t\t\t\t\t\t\t\t\t\t\t\t\t\t\t<\/div>\n\t\t\t\t\t<\/div>\n\t\t\t\t\t\t\t\t\t<div class=\"elementor-grid-item\" role=\"listitem\">\n\t\t\t\t\t\t<div class=\"elementor-share-btn elementor-share-btn_linkedin\" role=\"button\" tabindex=\"0\" aria-label=\"Compartir en linkedin\">\n\t\t\t\t\t\t\t\t\t\t\t\t\t\t\t<span class=\"elementor-share-btn__icon\">\n\t\t\t\t\t\t\t\t<i class=\"fab fa-linkedin\" aria-hidden=\"true\"><\/i>\t\t\t\t\t\t\t<\/span>\n\t\t\t\t\t\t\t\t\t\t\t\t\t\t\t\t\t\t\t\t<\/div>\n\t\t\t\t\t<\/div>\n\t\t\t\t\t\t<\/div>\n\t\t\t\t\t\t<\/div>\n\t\t\t\t<\/div>\n\t\t\t\t\t<\/div>\n\t\t<\/div>\n\t\t\t\t\t<\/div>\n\t\t<\/section>\n\t\t\t\t\t<\/div>\n\t\t<\/div>\n\t\t\t\t\t<\/div>\n\t\t<\/section>\n\t\t\t\t<\/div>\n\t\t","protected":false},"excerpt":{"rendered":"<p>Restaurante Vittoria: la felicidad se mide con un&#8230; C\u00f3digo QR! Ascoli Piceno, 1924. Nace el restaurante Vittoria, un lugar m\u00e1gico donde los platos\u00a0 reci\u00e9n sacado de la cocina de Mamma Sunni y Daniele, llegan a las expertas manos de Marco, Eugenio, Tony y Elisa. En este ambiente \u00fanico s\u00f3lo se aplica una regla: emocionar y [&hellip;]<\/p>\n","protected":false},"author":3,"featured_media":0,"parent":0,"menu_order":0,"comment_status":"closed","ping_status":"closed","template":"","meta":{"_acf_changed":false,"content-type":"","footnotes":""},"class_list":["post-3657","page","type-page","status-publish","hentry"],"acf":[],"_links":{"self":[{"href":"https:\/\/homepage.qodeup.com\/es\/wp-json\/wp\/v2\/pages\/3657","targetHints":{"allow":["GET"]}}],"collection":[{"href":"https:\/\/homepage.qodeup.com\/es\/wp-json\/wp\/v2\/pages"}],"about":[{"href":"https:\/\/homepage.qodeup.com\/es\/wp-json\/wp\/v2\/types\/page"}],"author":[{"embeddable":true,"href":"https:\/\/homepage.qodeup.com\/es\/wp-json\/wp\/v2\/users\/3"}],"replies":[{"embeddable":true,"href":"https:\/\/homepage.qodeup.com\/es\/wp-json\/wp\/v2\/comments?post=3657"}],"version-history":[{"count":3,"href":"https:\/\/homepage.qodeup.com\/es\/wp-json\/wp\/v2\/pages\/3657\/revisions"}],"predecessor-version":[{"id":6723,"href":"https:\/\/homepage.qodeup.com\/es\/wp-json\/wp\/v2\/pages\/3657\/revisions\/6723"}],"wp:attachment":[{"href":"https:\/\/homepage.qodeup.com\/es\/wp-json\/wp\/v2\/media?parent=3657"}],"curies":[{"name":"wp","href":"https:\/\/api.w.org\/{rel}","templated":true}]}}