{"id":3671,"date":"2022-12-28T08:50:55","date_gmt":"2022-12-28T08:50:55","guid":{"rendered":"https:\/\/homepage.qodeup.com\/candidatura-espontanea\/"},"modified":"2022-12-30T07:46:45","modified_gmt":"2022-12-30T07:46:45","slug":"candidatura-espontanea","status":"publish","type":"page","link":"https:\/\/homepage.qodeup.com\/es\/candidatura-espontanea\/","title":{"rendered":"Candidatura espont\u00e1nea"},"content":{"rendered":"\t\t<div data-elementor-type=\"wp-page\" data-elementor-id=\"3671\" class=\"elementor elementor-3671 elementor-3413\" data-elementor-post-type=\"page\">\n\t\t\t\t\t\t<section class=\"elementor-section elementor-top-section elementor-element elementor-element-dc4e148 elementor-section-boxed elementor-section-height-default elementor-section-height-default\" data-id=\"dc4e148\" data-element_type=\"section\" data-e-type=\"section\">\n\t\t\t\t\t\t<div class=\"elementor-container elementor-column-gap-default\">\n\t\t\t\t\t<div class=\"elementor-column elementor-col-100 elementor-top-column elementor-element elementor-element-8675357\" data-id=\"8675357\" data-element_type=\"column\" data-e-type=\"column\">\n\t\t\t<div class=\"elementor-widget-wrap elementor-element-populated\">\n\t\t\t\t\t\t<div class=\"elementor-element elementor-element-ba014fb elementor-widget elementor-widget-heading\" data-id=\"ba014fb\" data-element_type=\"widget\" data-e-type=\"widget\" data-widget_type=\"heading.default\">\n\t\t\t\t<div class=\"elementor-widget-container\">\n\t\t\t\t\t<h1 class=\"elementor-heading-title elementor-size-default\">Formulario candidatura espont\u00e1nea<\/h1>\t\t\t\t<\/div>\n\t\t\t\t<\/div>\n\t\t\t\t<div class=\"elementor-element elementor-element-63d61cf elementor-widget elementor-widget-text-editor\" data-id=\"63d61cf\" data-element_type=\"widget\" data-e-type=\"widget\" data-widget_type=\"text-editor.default\">\n\t\t\t\t<div class=\"elementor-widget-container\">\n\t\t\t\t\t\t\t\t\t<p>Si no has encontrado el puesto m\u00e1s adecuado para ti y crees que puedes<br \/>contribuir al crecimiento de Qodeup, \u00a1env\u00edanos tu candidatura espont\u00e1nea! <br \/>Estaremos felices de descubrir qu\u00e9 quieres hacer con nosotros y&#8230; \u00a1si estamos hechos el uno para el otro!<\/p>\n\t\t\t\t\t\t\t\t<\/div>\n\t\t\t\t<\/div>\n\t\t\t\t\t<\/div>\n\t\t<\/div>\n\t\t\t\t\t<\/div>\n\t\t<\/section>\n\t\t\t\t<\/div>\n\t\t","protected":false},"excerpt":{"rendered":"<p>Formulario candidatura espont\u00e1nea Si no has encontrado el puesto m\u00e1s adecuado para ti y crees que puedescontribuir al crecimiento de Qodeup, \u00a1env\u00edanos tu candidatura espont\u00e1nea! Estaremos felices de descubrir qu\u00e9 quieres hacer con nosotros y&#8230; \u00a1si estamos hechos el uno para el otro!<\/p>\n","protected":false},"author":3,"featured_media":0,"parent":0,"menu_order":0,"comment_status":"closed","ping_status":"closed","template":"","meta":{"_acf_changed":false,"content-type":"","footnotes":""},"class_list":["post-3671","page","type-page","status-publish","hentry"],"acf":[],"_links":{"self":[{"href":"https:\/\/homepage.qodeup.com\/es\/wp-json\/wp\/v2\/pages\/3671","targetHints":{"allow":["GET"]}}],"collection":[{"href":"https:\/\/homepage.qodeup.com\/es\/wp-json\/wp\/v2\/pages"}],"about":[{"href":"https:\/\/homepage.qodeup.com\/es\/wp-json\/wp\/v2\/types\/page"}],"author":[{"embeddable":true,"href":"https:\/\/homepage.qodeup.com\/es\/wp-json\/wp\/v2\/users\/3"}],"replies":[{"embeddable":true,"href":"https:\/\/homepage.qodeup.com\/es\/wp-json\/wp\/v2\/comments?post=3671"}],"version-history":[{"count":0,"href":"https:\/\/homepage.qodeup.com\/es\/wp-json\/wp\/v2\/pages\/3671\/revisions"}],"wp:attachment":[{"href":"https:\/\/homepage.qodeup.com\/es\/wp-json\/wp\/v2\/media?parent=3671"}],"curies":[{"name":"wp","href":"https:\/\/api.w.org\/{rel}","templated":true}]}}