{"id":6293,"date":"2023-07-13T08:11:31","date_gmt":"2023-07-13T08:11:31","guid":{"rendered":"https:\/\/homepage.qodeup.com\/?page_id=6293"},"modified":"2023-07-13T09:09:40","modified_gmt":"2023-07-13T09:09:40","slug":"bloges","status":"publish","type":"page","link":"https:\/\/homepage.qodeup.com\/es\/bloges\/","title":{"rendered":"Blog"},"content":{"rendered":"\t\t<div data-elementor-type=\"wp-page\" data-elementor-id=\"6293\" class=\"elementor elementor-6293 elementor-6241\" data-elementor-post-type=\"page\">\n\t\t\t\t\t\t<section class=\"elementor-section elementor-top-section elementor-element elementor-element-a5f6b46 elementor-section-height-min-height elementor-section-content-middle elementor-section-boxed elementor-section-height-default elementor-section-items-middle\" data-id=\"a5f6b46\" data-element_type=\"section\" data-e-type=\"section\" data-settings=\"{&quot;background_background&quot;:&quot;classic&quot;}\">\n\t\t\t\t\t\t<div class=\"elementor-container elementor-column-gap-default\">\n\t\t\t\t\t<div class=\"elementor-column elementor-col-66 elementor-top-column elementor-element elementor-element-601227d\" data-id=\"601227d\" data-element_type=\"column\" data-e-type=\"column\">\n\t\t\t<div class=\"elementor-widget-wrap elementor-element-populated\">\n\t\t\t\t\t\t<div class=\"elementor-element elementor-element-6962ceb elementor-widget elementor-widget-text-editor\" data-id=\"6962ceb\" data-element_type=\"widget\" data-e-type=\"widget\" data-widget_type=\"text-editor.default\">\n\t\t\t\t<div class=\"elementor-widget-container\">\n\t\t\t\t\t\t\t\t\t<div class=\"page\" title=\"Page 5\"><div class=\"section\"><div class=\"layoutArea\"><div class=\"column\"><h1>Descubre el blog de Qodeup<\/h1><div class=\"page\" title=\"Page 5\"><div class=\"section\"><div class=\"layoutArea\"><div class=\"column\"><p>El sector HORECA contado de manera simple<\/p><\/div><\/div><\/div><\/div><\/div><\/div><\/div><\/div>\t\t\t\t\t\t\t\t<\/div>\n\t\t\t\t<\/div>\n\t\t\t\t\t<\/div>\n\t\t<\/div>\n\t\t\t\t<div class=\"elementor-column elementor-col-33 elementor-top-column elementor-element elementor-element-e2e023f\" data-id=\"e2e023f\" data-element_type=\"column\" data-e-type=\"column\" data-settings=\"{&quot;background_background&quot;:&quot;classic&quot;}\">\n\t\t\t<div class=\"elementor-widget-wrap elementor-element-populated\">\n\t\t\t\t\t\t<div class=\"elementor-element elementor-element-76b4091 elementor-widget__width-initial elementor-widget-mobile__width-initial elementor-widget elementor-widget-image\" data-id=\"76b4091\" data-element_type=\"widget\" data-e-type=\"widget\" data-widget_type=\"image.default\">\n\t\t\t\t<div class=\"elementor-widget-container\">\n\t\t\t\t\t\t\t\t\t\t\t\t\t\t\t<img fetchpriority=\"high\" decoding=\"async\" width=\"800\" height=\"596\" src=\"https:\/\/homepage.qodeup.com\/wp-content\/uploads\/2022\/12\/blog_img1.png\" class=\"attachment-large size-large wp-image-3230\" alt=\"\" srcset=\"https:\/\/homepage.qodeup.com\/wp-content\/uploads\/2022\/12\/blog_img1.png 805w, https:\/\/homepage.qodeup.com\/wp-content\/uploads\/2022\/12\/blog_img1-300x224.png 300w, https:\/\/homepage.qodeup.com\/wp-content\/uploads\/2022\/12\/blog_img1-768x572.png 768w\" sizes=\"(max-width: 800px) 100vw, 800px\" \/>\t\t\t\t\t\t\t\t\t\t\t\t\t\t\t<\/div>\n\t\t\t\t<\/div>\n\t\t\t\t\t<\/div>\n\t\t<\/div>\n\t\t\t\t\t<\/div>\n\t\t<\/section>\n\t\t\t\t<section class=\"elementor-section elementor-top-section elementor-element elementor-element-e76aaf5 elementor-section-boxed elementor-section-height-default elementor-section-height-default\" data-id=\"e76aaf5\" data-element_type=\"section\" data-e-type=\"section\">\n\t\t\t\t\t\t<div class=\"elementor-container elementor-column-gap-default\">\n\t\t\t\t\t<div class=\"elementor-column elementor-col-100 elementor-top-column elementor-element elementor-element-e59cc36\" data-id=\"e59cc36\" data-element_type=\"column\" data-e-type=\"column\">\n\t\t\t<div class=\"elementor-widget-wrap elementor-element-populated\">\n\t\t\t\t\t\t<div class=\"elementor-element elementor-element-c465434 elementor-grid-2 elementor-posts__hover-none elementor-grid-tablet-2 elementor-grid-mobile-1 elementor-posts--thumbnail-top elementor-card-shadow-yes elementor-widget elementor-widget-posts\" data-id=\"c465434\" data-element_type=\"widget\" data-e-type=\"widget\" data-settings=\"{&quot;cards_columns&quot;:&quot;2&quot;,&quot;pagination_type&quot;:&quot;numbers_and_prev_next&quot;,&quot;cards_columns_tablet&quot;:&quot;2&quot;,&quot;cards_columns_mobile&quot;:&quot;1&quot;,&quot;cards_row_gap&quot;:{&quot;unit&quot;:&quot;px&quot;,&quot;size&quot;:35,&quot;sizes&quot;:[]},&quot;cards_row_gap_tablet&quot;:{&quot;unit&quot;:&quot;px&quot;,&quot;size&quot;:&quot;&quot;,&quot;sizes&quot;:[]},&quot;cards_row_gap_mobile&quot;:{&quot;unit&quot;:&quot;px&quot;,&quot;size&quot;:&quot;&quot;,&quot;sizes&quot;:[]}}\" data-widget_type=\"posts.cards\">\n\t\t\t\t<div class=\"elementor-widget-container\">\n\t\t\t\t\t\t\t<div class=\"elementor-posts-container elementor-posts elementor-posts--skin-cards elementor-grid\" role=\"list\">\n\t\t\t\t<article class=\"elementor-post elementor-grid-item post-3665 post type-post status-publish format-standard has-post-thumbnail hentry category-sin-categorizar tag-es\" role=\"listitem\">\n\t\t\t<div class=\"elementor-post__card\">\n\t\t\t\t<a class=\"elementor-post__thumbnail__link\" href=\"https:\/\/homepage.qodeup.com\/es\/descubre-como-aprovechar-al-maximo-el-codigo-qr-de-tu-menu-digital\/\" tabindex=\"-1\" ><div class=\"elementor-post__thumbnail\"><img decoding=\"async\" width=\"300\" height=\"300\" src=\"https:\/\/homepage.qodeup.com\/wp-content\/uploads\/2022\/12\/blog-article-2_img1-300x300.png\" class=\"attachment-medium size-medium wp-image-3286\" alt=\"\" srcset=\"https:\/\/homepage.qodeup.com\/wp-content\/uploads\/2022\/12\/blog-article-2_img1-300x300.png 300w, https:\/\/homepage.qodeup.com\/wp-content\/uploads\/2022\/12\/blog-article-2_img1-150x150.png 150w, https:\/\/homepage.qodeup.com\/wp-content\/uploads\/2022\/12\/blog-article-2_img1.png 564w\" sizes=\"(max-width: 300px) 100vw, 300px\" \/><\/div><\/a>\n\t\t\t\t<div class=\"elementor-post__text\">\n\t\t\t\t<h2 class=\"elementor-post__title\">\n\t\t\t<a href=\"https:\/\/homepage.qodeup.com\/es\/descubre-como-aprovechar-al-maximo-el-codigo-qr-de-tu-menu-digital\/\" >\n\t\t\t\tDescubre c\u00f3mo aprovechar al m\u00e1ximo el c\u00f3digo QR de tu men\u00fa digital\t\t\t<\/a>\n\t\t<\/h2>\n\t\t\t\t<div class=\"elementor-post__excerpt\">\n\t\t\t<p>Los c\u00f3digos Qr de los men\u00fas digitales son una excelente forma de aumentar tus ingresos y las visitas de tu negocio en l\u00ednea.<\/p>\t\t<\/div>\n\t\t\n\t\t<a class=\"elementor-post__read-more\" href=\"https:\/\/homepage.qodeup.com\/es\/descubre-como-aprovechar-al-maximo-el-codigo-qr-de-tu-menu-digital\/\" aria-label=\"M\u00e1s informaci\u00f3n sobre Descubre c\u00f3mo aprovechar al m\u00e1ximo el c\u00f3digo QR de tu men\u00fa digital\" tabindex=\"-1\" >\n\t\t\tLee \u00bb\t\t<\/a>\n\n\t\t\t\t<\/div>\n\t\t\t\t<div class=\"elementor-post__meta-data\">\n\t\t\t\t\t<span class=\"elementor-post-date\">\n\t\t\tdiciembre 28, 2022\t\t<\/span>\n\t\t\t\t<span class=\"elementor-post-avatar\">\n\t\t\tNo hay comentarios\t\t<\/span>\n\t\t\t\t<\/div>\n\t\t\t\t\t<\/div>\n\t\t<\/article>\n\t\t\t\t<article class=\"elementor-post elementor-grid-item post-3664 post type-post status-publish format-standard has-post-thumbnail hentry category-sin-categorizar tag-es\" role=\"listitem\">\n\t\t\t<div class=\"elementor-post__card\">\n\t\t\t\t<a class=\"elementor-post__thumbnail__link\" href=\"https:\/\/homepage.qodeup.com\/es\/4-ventajas-de-whatsapp-business-para-restauradores\/\" tabindex=\"-1\" ><div class=\"elementor-post__thumbnail\"><img decoding=\"async\" width=\"300\" height=\"300\" src=\"https:\/\/homepage.qodeup.com\/wp-content\/uploads\/2022\/10\/blog-article-1_img1-300x300.png\" class=\"attachment-medium size-medium wp-image-3252\" alt=\"\" srcset=\"https:\/\/homepage.qodeup.com\/wp-content\/uploads\/2022\/10\/blog-article-1_img1-300x300.png 300w, https:\/\/homepage.qodeup.com\/wp-content\/uploads\/2022\/10\/blog-article-1_img1-150x150.png 150w, https:\/\/homepage.qodeup.com\/wp-content\/uploads\/2022\/10\/blog-article-1_img1.png 563w\" sizes=\"(max-width: 300px) 100vw, 300px\" \/><\/div><\/a>\n\t\t\t\t<div class=\"elementor-post__text\">\n\t\t\t\t<h2 class=\"elementor-post__title\">\n\t\t\t<a href=\"https:\/\/homepage.qodeup.com\/es\/4-ventajas-de-whatsapp-business-para-restauradores\/\" >\n\t\t\t\t4 ventajas de Whatsapp Business para restauradores\t\t\t<\/a>\n\t\t<\/h2>\n\t\t\t\t<div class=\"elementor-post__excerpt\">\n\t\t\t<p>Si todav\u00eda no lo utilizas en tu restaurante, \u00a1es hora de replanteartelo!<\/p>\t\t<\/div>\n\t\t\n\t\t<a class=\"elementor-post__read-more\" href=\"https:\/\/homepage.qodeup.com\/es\/4-ventajas-de-whatsapp-business-para-restauradores\/\" aria-label=\"M\u00e1s informaci\u00f3n sobre 4 ventajas de Whatsapp Business para restauradores\" tabindex=\"-1\" >\n\t\t\tLee \u00bb\t\t<\/a>\n\n\t\t\t\t<\/div>\n\t\t\t\t<div class=\"elementor-post__meta-data\">\n\t\t\t\t\t<span class=\"elementor-post-date\">\n\t\t\toctubre 25, 2022\t\t<\/span>\n\t\t\t\t<span class=\"elementor-post-avatar\">\n\t\t\tNo hay comentarios\t\t<\/span>\n\t\t\t\t<\/div>\n\t\t\t\t\t<\/div>\n\t\t<\/article>\n\t\t\t\t<\/div>\n\t\t\n\t\t\t\t\t\t<\/div>\n\t\t\t\t<\/div>\n\t\t\t\t\t<\/div>\n\t\t<\/div>\n\t\t\t\t\t<\/div>\n\t\t<\/section>\n\t\t\t\t<\/div>\n\t\t","protected":false},"excerpt":{"rendered":"<p>Descubre el blog de Qodeup El sector HORECA contado de manera simple<\/p>\n","protected":false},"author":1,"featured_media":0,"parent":0,"menu_order":0,"comment_status":"closed","ping_status":"closed","template":"elementor_header_footer","meta":{"_acf_changed":false,"content-type":"","footnotes":""},"class_list":["post-6293","page","type-page","status-publish","hentry"],"acf":[],"_links":{"self":[{"href":"https:\/\/homepage.qodeup.com\/es\/wp-json\/wp\/v2\/pages\/6293","targetHints":{"allow":["GET"]}}],"collection":[{"href":"https:\/\/homepage.qodeup.com\/es\/wp-json\/wp\/v2\/pages"}],"about":[{"href":"https:\/\/homepage.qodeup.com\/es\/wp-json\/wp\/v2\/types\/page"}],"author":[{"embeddable":true,"href":"https:\/\/homepage.qodeup.com\/es\/wp-json\/wp\/v2\/users\/1"}],"replies":[{"embeddable":true,"href":"https:\/\/homepage.qodeup.com\/es\/wp-json\/wp\/v2\/comments?post=6293"}],"version-history":[{"count":8,"href":"https:\/\/homepage.qodeup.com\/es\/wp-json\/wp\/v2\/pages\/6293\/revisions"}],"predecessor-version":[{"id":6313,"href":"https:\/\/homepage.qodeup.com\/es\/wp-json\/wp\/v2\/pages\/6293\/revisions\/6313"}],"wp:attachment":[{"href":"https:\/\/homepage.qodeup.com\/es\/wp-json\/wp\/v2\/media?parent=6293"}],"curies":[{"name":"wp","href":"https:\/\/api.w.org\/{rel}","templated":true}]}}